{"id":837,"date":"2020-08-28T13:47:07","date_gmt":"2020-08-28T13:47:07","guid":{"rendered":"http:\/\/bighearts.wgl-demo.net\/?page_id=837"},"modified":"2021-10-08T10:27:30","modified_gmt":"2021-10-08T15:27:30","slug":"servicios","status":"publish","type":"page","link":"https:\/\/fudstae.org\/web\/en\/servicios\/","title":{"rendered":"Servicios"},"content":{"rendered":"<div data-elementor-type=\"wp-page\" data-elementor-id=\"837\" class=\"elementor elementor-837\">\n\t\t\t\t\t\t\t\t\t<section class=\"elementor-section elementor-top-section elementor-element elementor-element-e26cb38 elementor-section-boxed elementor-section-height-default elementor-section-height-default\" data-id=\"e26cb38\" data-element_type=\"section\" data-settings=\"{&quot;background_background&quot;:&quot;classic&quot;}\">\n\t\t\t\t\t\t\t<div class=\"elementor-background-overlay\"><\/div>\n\t\t\t\t\t\t\t<div class=\"elementor-container elementor-column-gap-default\">\n\t\t\t\t\t<div class=\"elementor-column elementor-col-100 elementor-top-column elementor-element elementor-element-0281c4a\" data-id=\"0281c4a\" data-element_type=\"column\">\n\t\t\t<div class=\"elementor-widget-wrap elementor-element-populated\">\n\t\t\t\t\t\t\t\t<div class=\"elementor-element elementor-element-5eb3b33 elementor-widget elementor-widget-spacer\" data-id=\"5eb3b33\" data-element_type=\"widget\" data-widget_type=\"spacer.default\">\n\t\t\t\t<div class=\"elementor-widget-container\">\n\t\t\t<style>\/*! elementor - v3.14.0 - 26-06-2023 *\/\n.elementor-column .elementor-spacer-inner{height:var(--spacer-size)}.e-con{--container-widget-width:100%}.e-con-inner>.elementor-widget-spacer,.e-con>.elementor-widget-spacer{width:var(--container-widget-width,var(--spacer-size));--align-self:var(--container-widget-align-self,initial);--flex-shrink:0}.e-con-inner>.elementor-widget-spacer>.elementor-widget-container,.e-con-inner>.elementor-widget-spacer>.elementor-widget-container>.elementor-spacer,.e-con>.elementor-widget-spacer>.elementor-widget-container,.e-con>.elementor-widget-spacer>.elementor-widget-container>.elementor-spacer{height:100%}.e-con-inner>.elementor-widget-spacer>.elementor-widget-container>.elementor-spacer>.elementor-spacer-inner,.e-con>.elementor-widget-spacer>.elementor-widget-container>.elementor-spacer>.elementor-spacer-inner{height:var(--container-widget-height,var(--spacer-size))}<\/style>\t\t<div class=\"elementor-spacer\">\n\t\t\t<div class=\"elementor-spacer-inner\"><\/div>\n\t\t<\/div>\n\t\t\t\t<\/div>\n\t\t\t\t<\/div>\n\t\t\t\t\t<\/div>\n\t\t<\/div>\n\t\t\t\t\t\t\t<\/div>\n\t\t<\/section>\n\t\t\t\t<section class=\"elementor-section elementor-top-section elementor-element elementor-element-1feff6c elementor-section-boxed elementor-section-height-default elementor-section-height-default\" data-id=\"1feff6c\" data-element_type=\"section\">\n\t\t\t\t\t\t<div class=\"elementor-container elementor-column-gap-default\">\n\t\t\t\t\t<div class=\"elementor-column elementor-col-100 elementor-top-column elementor-element elementor-element-92a0789 elementor-hidden-tablet elementor-hidden-mobile\" data-id=\"92a0789\" data-element_type=\"column\">\n\t\t\t<div class=\"elementor-widget-wrap elementor-element-populated\">\n\t\t\t\t\t\t\t\t<div class=\"elementor-element elementor-element-b6cf053 elementor-widget elementor-widget-spacer\" data-id=\"b6cf053\" data-element_type=\"widget\" data-widget_type=\"spacer.default\">\n\t\t\t\t<div class=\"elementor-widget-container\">\n\t\t\t\t\t<div class=\"elementor-spacer\">\n\t\t\t<div class=\"elementor-spacer-inner\"><\/div>\n\t\t<\/div>\n\t\t\t\t<\/div>\n\t\t\t\t<\/div>\n\t\t\t\t\t<\/div>\n\t\t<\/div>\n\t\t\t\t\t\t\t<\/div>\n\t\t<\/section>\n\t\t\t\t<section class=\"elementor-section elementor-top-section elementor-element elementor-element-daad9f0 elementor-section-boxed elementor-section-height-default elementor-section-height-default\" data-id=\"daad9f0\" data-element_type=\"section\">\n\t\t\t\t\t\t<div class=\"elementor-container elementor-column-gap-default\">\n\t\t\t\t\t<div class=\"elementor-column elementor-col-50 elementor-top-column elementor-element elementor-element-a05d117 elementor-hidden-tablet elementor-hidden-mobile\" data-id=\"a05d117\" data-element_type=\"column\">\n\t\t\t<div class=\"elementor-widget-wrap elementor-element-populated\">\n\t\t\t\t\t\t\t\t<div class=\"elementor-element elementor-element-c1203a3 elementor-widget elementor-widget-wgl-image-layers\" data-id=\"c1203a3\" data-element_type=\"widget\" data-widget_type=\"wgl-image-layers.default\">\n\t\t\t\t<div class=\"elementor-widget-container\">\n\t\t\t<div class=\"wgl-image-layers\"><div class=\"img-layer_image-wrapper slide_down\" style=\"z-index: 1\">\n                <div class=\"img-layer_item\" style=\"transform: translate(0px, 0%);\">\n                    <div class=\"img-layer_image\" style=\"transition: all 800ms; transition-delay: 600ms;\">\n                        <img decoding=\"async\" src=\"https:\/\/fudstae.org\/web\/wp-content\/uploads\/2021\/09\/g1.png\" alt=\"g1\" \/>\n                    <\/div>\n                <\/div>\n            <\/div> <div class=\"img-layer_image-wrapper slide_up\" style=\"z-index: 1\">\n                <div class=\"img-layer_item\" style=\"transform: translate(0px, 0%);\">\n                    <div class=\"img-layer_image\" style=\"transition: all 800ms; transition-delay: 1200ms;\">\n                        <img decoding=\"async\" src=\"https:\/\/fudstae.org\/web\/wp-content\/uploads\/2021\/09\/g2.png\" alt=\"g2\" \/>\n                    <\/div>\n                <\/div>\n            <\/div> <div class=\"img-layer_image-wrapper slide_right\" style=\"z-index: 1\">\n                <div class=\"img-layer_item\" style=\"transform: translate(0px, 100%);\">\n                    <div class=\"img-layer_image\" style=\"transition: all 800ms; transition-delay: 1800ms;\">\n                        <img decoding=\"async\" src=\"https:\/\/fudstae.org\/web\/wp-content\/uploads\/2021\/09\/ng3.png\" alt=\"ng3\" \/>\n                    <\/div>\n                <\/div>\n            <\/div> <div class=\"img-layer_image-wrapper slide_up\" style=\"z-index: 1\">\n                <div class=\"img-layer_item\" style=\"transform: translate(0px, 100%);\">\n                    <div class=\"img-layer_image\" style=\"transition: all 800ms; transition-delay: 2400ms;\">\n                        <img decoding=\"async\" src=\"https:\/\/fudstae.org\/web\/wp-content\/uploads\/2021\/09\/ng4.png\" alt=\"ng4\" \/>\n                    <\/div>\n                <\/div>\n            <\/div> <\/div>\t\t<\/div>\n\t\t\t\t<\/div>\n\t\t\t\t\t<\/div>\n\t\t<\/div>\n\t\t\t\t<div class=\"elementor-column elementor-col-50 elementor-top-column elementor-element elementor-element-0006c17\" data-id=\"0006c17\" data-element_type=\"column\">\n\t\t\t<div class=\"elementor-widget-wrap elementor-element-populated\">\n\t\t\t\t\t\t\t\t<div class=\"elementor-element elementor-element-0dee579 elementor-widget elementor-widget-text-editor\" data-id=\"0dee579\" data-element_type=\"widget\" data-widget_type=\"text-editor.default\">\n\t\t\t\t<div class=\"elementor-widget-container\">\n\t\t\t<style>\/*! elementor - v3.14.0 - 26-06-2023 *\/\n.elementor-widget-text-editor.elementor-drop-cap-view-stacked .elementor-drop-cap{background-color:#69727d;color:#fff}.elementor-widget-text-editor.elementor-drop-cap-view-framed .elementor-drop-cap{color:#69727d;border:3px solid;background-color:transparent}.elementor-widget-text-editor:not(.elementor-drop-cap-view-default) .elementor-drop-cap{margin-top:8px}.elementor-widget-text-editor:not(.elementor-drop-cap-view-default) .elementor-drop-cap-letter{width:1em;height:1em}.elementor-widget-text-editor .elementor-drop-cap{float:left;text-align:center;line-height:1;font-size:50px}.elementor-widget-text-editor .elementor-drop-cap-letter{display:inline-block}<\/style>\t\t\t\t<h4><span style=\"color: #ff6600;\"><strong>Asesor\u00eda Legal e integral de G\u00e9nero<\/strong><\/span><\/h4><p>Como FUDSTAE sabemos que las v\u00edctimas de violencia deben recibir apoyo especializado y protecci\u00f3n jur\u00eddica, con independencia de que denuncien o no a su agresor.<\/p><h4><strong style=\"color: #ff6600;\">Asesor\u00eda legal para organizaciones<\/strong><\/h4><p>FUDSTAE ofrece Talleres de Asesor\u00eda Legal para conformaci\u00f3n de organizaciones sociales de Trabajadoras y Trabajadores Aut\u00f3nomos.<\/p><h4><strong style=\"color: #ff6600;\">Psicolog\u00eda<\/strong><\/h4><p>En FUDSTAE le escuchamos y acompa\u00f1amos en todo momento con objeto de mejorar sus condiciones de salud general.<\/p><h4><strong style=\"color: #ff6600;\">Capacitaciones<\/strong><\/h4><p>En FUDSTAE sabemos que la capacitaci\u00f3n es un proceso que posibilita al capacitando la apropiaci\u00f3n de ciertos conocimientos, capaces de modificar los comportamientos propios de las personas y de la organizaci\u00f3n a la que pertenecen.<\/p><h4><strong style=\"color: #ff6600;\">Elaboraci\u00f3n y desarrollo de proyectos para Trabajadoras y Trabajadores Aut\u00f3nomos<\/strong><\/h4><p>FUDSTAE apuesta por el desarrollo de las Trabajadoras y Trabajadores Aut\u00f3nomos mejorando su calidad de vida\u00a0 para lo cual realizamos proyectos inclusivos de impacto econ\u00f3mico en colaboraci\u00f3n con entidades p\u00fablicas o privadas.<\/p><h4><strong style=\"color: #ff6600;\">Becas de estudio para Trabajadoras y Trabajadores Aut\u00f3nomos<\/strong><\/h4><p>El estudiar no solo es importante para uno mismo, en el sentido de ser una persona m\u00e1s sabia, culta o con diversos conocimientos, sino tambi\u00e9n para poder acceder con mayores posibilidades a un trabajo o desarrollar un emprendimiento propio.<\/p>\t\t\t\t\t\t<\/div>\n\t\t\t\t<\/div>\n\t\t\t\t\t<\/div>\n\t\t<\/div>\n\t\t\t\t\t\t\t<\/div>\n\t\t<\/section>\n\t\t\t\t<section class=\"elementor-section elementor-top-section elementor-element elementor-element-5181e08 elementor-section-boxed elementor-section-height-default elementor-section-height-default\" data-id=\"5181e08\" data-element_type=\"section\">\n\t\t\t\t\t\t<div class=\"elementor-container elementor-column-gap-default\">\n\t\t\t\t\t<div class=\"elementor-column elementor-col-100 elementor-top-column elementor-element elementor-element-37d8aeb\" data-id=\"37d8aeb\" data-element_type=\"column\">\n\t\t\t<div class=\"elementor-widget-wrap elementor-element-populated\">\n\t\t\t\t\t\t\t\t<div class=\"elementor-element elementor-element-7955e03 elementor-widget elementor-widget-spacer\" data-id=\"7955e03\" data-element_type=\"widget\" data-widget_type=\"spacer.default\">\n\t\t\t\t<div class=\"elementor-widget-container\">\n\t\t\t\t\t<div class=\"elementor-spacer\">\n\t\t\t<div class=\"elementor-spacer-inner\"><\/div>\n\t\t<\/div>\n\t\t\t\t<\/div>\n\t\t\t\t<\/div>\n\t\t\t\t\t<\/div>\n\t\t<\/div>\n\t\t\t\t\t\t\t<\/div>\n\t\t<\/section>\n\t\t\t\t\t\t\t<\/div>","protected":false},"excerpt":{"rendered":"<p>Asesor\u00eda Legal e integral de G\u00e9nero Como FUDSTAE sabemos que las v\u00edctimas de violencia deben recibir apoyo especializado y protecci\u00f3n jur\u00eddica, con independencia de que denuncien o no a su agresor. Asesor\u00eda legal para organizaciones FUDSTAE ofrece Talleres de Asesor\u00eda Legal para conformaci\u00f3n de organizaciones sociales de Trabajadoras y Trabajadores Aut\u00f3nomos. Psicolog\u00eda En FUDSTAE le [&hellip;]<\/p>\n","protected":false},"author":1,"featured_media":0,"parent":0,"menu_order":0,"comment_status":"closed","ping_status":"closed","template":"","meta":{"footnotes":""},"class_list":["post-837","page","type-page","status-publish","hentry"],"_links":{"self":[{"href":"https:\/\/fudstae.org\/web\/en\/wp-json\/wp\/v2\/pages\/837","targetHints":{"allow":["GET"]}}],"collection":[{"href":"https:\/\/fudstae.org\/web\/en\/wp-json\/wp\/v2\/pages"}],"about":[{"href":"https:\/\/fudstae.org\/web\/en\/wp-json\/wp\/v2\/types\/page"}],"author":[{"embeddable":true,"href":"https:\/\/fudstae.org\/web\/en\/wp-json\/wp\/v2\/users\/1"}],"replies":[{"embeddable":true,"href":"https:\/\/fudstae.org\/web\/en\/wp-json\/wp\/v2\/comments?post=837"}],"version-history":[{"count":95,"href":"https:\/\/fudstae.org\/web\/en\/wp-json\/wp\/v2\/pages\/837\/revisions"}],"predecessor-version":[{"id":7328,"href":"https:\/\/fudstae.org\/web\/en\/wp-json\/wp\/v2\/pages\/837\/revisions\/7328"}],"wp:attachment":[{"href":"https:\/\/fudstae.org\/web\/en\/wp-json\/wp\/v2\/media?parent=837"}],"curies":[{"name":"wp","href":"https:\/\/api.w.org\/{rel}","templated":true}]}}