{"id":767,"date":"2020-08-27T22:43:27","date_gmt":"2020-08-27T22:43:27","guid":{"rendered":"http:\/\/bighearts.wgl-demo.net\/?page_id=767"},"modified":"2023-10-23T20:02:23","modified_gmt":"2023-10-24T01:02:23","slug":"contacto","status":"publish","type":"page","link":"https:\/\/fudstae.org\/web\/en\/contacto\/","title":{"rendered":"Contacto"},"content":{"rendered":"\t\t<div data-elementor-type=\"wp-page\" data-elementor-id=\"767\" class=\"elementor elementor-767\">\n\t\t\t\t\t\t\t\t\t<section class=\"elementor-section elementor-top-section elementor-element elementor-element-2bc331d elementor-reverse-tablet elementor-reverse-mobile elementor-section-boxed elementor-section-height-default elementor-section-height-default\" data-id=\"2bc331d\" data-element_type=\"section\">\n\t\t\t\t\t\t<div class=\"elementor-container elementor-column-gap-default\">\n\t\t\t\t\t<div class=\"elementor-column elementor-col-50 elementor-top-column elementor-element elementor-element-5defa4e\" data-id=\"5defa4e\" data-element_type=\"column\">\n\t\t\t<div class=\"elementor-widget-wrap elementor-element-populated\">\n\t\t\t\t\t\t\t\t<div class=\"elementor-element elementor-element-dd2894b elementor-widget elementor-widget-wgl-image-layers\" data-id=\"dd2894b\" data-element_type=\"widget\" data-widget_type=\"wgl-image-layers.default\">\n\t\t\t\t<div class=\"elementor-widget-container\">\n\t\t\t<div class=\"wgl-image-layers\"><div class=\"img-layer_image-wrapper slide_up\" style=\"z-index: 2\">\n                <div class=\"img-layer_item\" style=\"transform: translate(0px, 0%);\">\n                    <div class=\"img-layer_image\" style=\"transition: all 800ms; transition-delay: 600ms;\">\n                        <img decoding=\"async\" src=\"https:\/\/fudstae.org\/web\/wp-content\/uploads\/2021\/09\/old-woman-412043_1920.jpg\" alt=\"old-woman-412043_1920\" \/>\n                    <\/div>\n                <\/div>\n            <\/div> <div class=\"img-layer_image-wrapper fade_in\" style=\"z-index: 2\">\n                <div class=\"img-layer_item\" style=\"transform: translate(275px, 0%);\">\n                    <div class=\"img-layer_image\" style=\"transition: all 800ms; transition-delay: 1200ms;\">\n                        <img decoding=\"async\" src=\"https:\/\/fudstae.org\/web\/wp-content\/uploads\/2020\/11\/landing_slider-2.png\" alt=\"image\" \/>\n                    <\/div>\n                <\/div>\n            <\/div> <\/div>\t\t<\/div>\n\t\t\t\t<\/div>\n\t\t\t\t\t<\/div>\n\t\t<\/div>\n\t\t\t\t<div class=\"elementor-column elementor-col-50 elementor-top-column elementor-element elementor-element-da787d5\" data-id=\"da787d5\" data-element_type=\"column\">\n\t\t\t<div class=\"elementor-widget-wrap elementor-element-populated\">\n\t\t\t\t\t\t\t\t<div class=\"elementor-element elementor-element-2dfd7c5 elementor-view-stacked aleft elementor-widget-icon-box wgl-icon-box elementor-shape-circle elementor-widget elementor-widget-wgl-info-box\" data-id=\"2dfd7c5\" data-element_type=\"widget\" data-widget_type=\"wgl-info-box.default\">\n\t\t\t\t<div class=\"elementor-widget-container\">\n\t\t\t<a class=\"wgl-infobox__link\" href=\"https:\/\/www.openstreetmap.org\/search?query=av.%20andres%20perez#map=17\/-0.24844\/-78.51598\" target=\"_blank\" rel=\"nofollow\"><\/a><div class=\"wgl-infobox\"><div class=\"wgl-infobox_wrapper wgl-layout-left\"><div class=\"media-wrapper icon-wrapper\"><span class=\"wgl-icon\" ><i class=\"icon elementor-icon flaticon flaticon-pin\" aria-hidden=\"true\"><\/i><\/span><\/div><div class=\"content_wrapper\"><div class=\"wgl-infobox-title_wrapper\"><h3 class=\"wgl-infobox_title\"><span class=\"wgl-infobox_title-idle\">Direcci\u00f3n<\/span><\/h3><\/div><div class=\"wgl-infobox_content\"><p>Av. Andr\u00e9s P\u00e9rez y Gabriel de la Huerta. Sector Chiriyacu.<\/p><\/div><\/div><\/div><\/div>\t\t<\/div>\n\t\t\t\t<\/div>\n\t\t\t\t<div class=\"elementor-element elementor-element-a3e8f03 elementor-widget elementor-widget-spacer\" data-id=\"a3e8f03\" data-element_type=\"widget\" data-widget_type=\"spacer.default\">\n\t\t\t\t<div class=\"elementor-widget-container\">\n\t\t\t<style>\/*! elementor - v3.14.0 - 26-06-2023 *\/\n.elementor-column .elementor-spacer-inner{height:var(--spacer-size)}.e-con{--container-widget-width:100%}.e-con-inner>.elementor-widget-spacer,.e-con>.elementor-widget-spacer{width:var(--container-widget-width,var(--spacer-size));--align-self:var(--container-widget-align-self,initial);--flex-shrink:0}.e-con-inner>.elementor-widget-spacer>.elementor-widget-container,.e-con-inner>.elementor-widget-spacer>.elementor-widget-container>.elementor-spacer,.e-con>.elementor-widget-spacer>.elementor-widget-container,.e-con>.elementor-widget-spacer>.elementor-widget-container>.elementor-spacer{height:100%}.e-con-inner>.elementor-widget-spacer>.elementor-widget-container>.elementor-spacer>.elementor-spacer-inner,.e-con>.elementor-widget-spacer>.elementor-widget-container>.elementor-spacer>.elementor-spacer-inner{height:var(--container-widget-height,var(--spacer-size))}<\/style>\t\t<div class=\"elementor-spacer\">\n\t\t\t<div class=\"elementor-spacer-inner\"><\/div>\n\t\t<\/div>\n\t\t\t\t<\/div>\n\t\t\t\t<\/div>\n\t\t\t\t<div class=\"elementor-element elementor-element-451d362 elementor-view-stacked aleft elementor-widget-icon-box wgl-icon-box elementor-shape-circle elementor-widget elementor-widget-wgl-info-box\" data-id=\"451d362\" data-element_type=\"widget\" data-widget_type=\"wgl-info-box.default\">\n\t\t\t\t<div class=\"elementor-widget-container\">\n\t\t\t<a class=\"wgl-infobox__link\" href=\"mailto:info@fudstae.org\" target=\"_blank\" rel=\"nofollow\"><\/a><div class=\"wgl-infobox\"><div class=\"wgl-infobox_wrapper wgl-layout-left\"><div class=\"media-wrapper icon-wrapper\"><span class=\"wgl-icon\" ><i class=\"icon elementor-icon flaticon flaticon-paper-plane\" aria-hidden=\"true\"><\/i><\/span><\/div><div class=\"content_wrapper\"><div class=\"wgl-infobox-title_wrapper\"><h3 class=\"wgl-infobox_title\"><span class=\"wgl-infobox_title-idle\">Email<\/span><\/h3><\/div><div class=\"wgl-infobox_content\"><p>info@fudstae.org<\/p><\/div><\/div><\/div><\/div>\t\t<\/div>\n\t\t\t\t<\/div>\n\t\t\t\t<div class=\"elementor-element elementor-element-625287f elementor-widget elementor-widget-spacer\" data-id=\"625287f\" data-element_type=\"widget\" data-widget_type=\"spacer.default\">\n\t\t\t\t<div class=\"elementor-widget-container\">\n\t\t\t\t\t<div class=\"elementor-spacer\">\n\t\t\t<div class=\"elementor-spacer-inner\"><\/div>\n\t\t<\/div>\n\t\t\t\t<\/div>\n\t\t\t\t<\/div>\n\t\t\t\t<div class=\"elementor-element elementor-element-4c4c09b elementor-view-stacked aleft elementor-widget-icon-box wgl-icon-box elementor-shape-circle elementor-widget elementor-widget-wgl-info-box\" data-id=\"4c4c09b\" data-element_type=\"widget\" data-widget_type=\"wgl-info-box.default\">\n\t\t\t\t<div class=\"elementor-widget-container\">\n\t\t\t<a class=\"wgl-infobox__link\" href=\"tel:+593999774891\" target=\"_blank\" rel=\"nofollow\"><\/a><div class=\"wgl-infobox\"><div class=\"wgl-infobox_wrapper wgl-layout-left\"><div class=\"media-wrapper icon-wrapper\"><span class=\"wgl-icon\" ><i class=\"icon elementor-icon fas fa-mobile-alt\" aria-hidden=\"true\"><\/i><\/span><\/div><div class=\"content_wrapper\"><div class=\"wgl-infobox-title_wrapper\"><h3 class=\"wgl-infobox_title\"><span class=\"wgl-infobox_title-idle\">Tel\u00e9fono de contacto<\/span><\/h3><\/div><div class=\"wgl-infobox_content\"><p>099 977 4891<\/p><\/div><\/div><\/div><\/div>\t\t<\/div>\n\t\t\t\t<\/div>\n\t\t\t\t<div class=\"elementor-element elementor-element-2a08d62 elementor-widget elementor-widget-spacer\" data-id=\"2a08d62\" data-element_type=\"widget\" data-widget_type=\"spacer.default\">\n\t\t\t\t<div class=\"elementor-widget-container\">\n\t\t\t\t\t<div class=\"elementor-spacer\">\n\t\t\t<div class=\"elementor-spacer-inner\"><\/div>\n\t\t<\/div>\n\t\t\t\t<\/div>\n\t\t\t\t<\/div>\n\t\t\t\t\t<\/div>\n\t\t<\/div>\n\t\t\t\t\t\t\t<\/div>\n\t\t<\/section>\n\t\t\t\t<section class=\"elementor-section elementor-top-section elementor-element elementor-element-c4bd3ac elementor-section-boxed elementor-section-height-default elementor-section-height-default\" data-id=\"c4bd3ac\" data-element_type=\"section\">\n\t\t\t\t\t\t<div class=\"elementor-container elementor-column-gap-default\">\n\t\t\t\t\t<div class=\"elementor-column elementor-col-100 elementor-top-column elementor-element elementor-element-5cb68cb\" data-id=\"5cb68cb\" data-element_type=\"column\" data-settings=\"{&quot;background_background&quot;:&quot;classic&quot;}\">\n\t\t\t<div class=\"elementor-widget-wrap elementor-element-populated\">\n\t\t\t\t\t\t\t\t<div class=\"elementor-element elementor-element-bb64f64 elementor-widget elementor-widget-heading\" data-id=\"bb64f64\" data-element_type=\"widget\" data-widget_type=\"heading.default\">\n\t\t\t\t<div class=\"elementor-widget-container\">\n\t\t\t<style>\/*! elementor - v3.14.0 - 26-06-2023 *\/\n.elementor-heading-title{padding:0;margin:0;line-height:1}.elementor-widget-heading .elementor-heading-title[class*=elementor-size-]>a{color:inherit;font-size:inherit;line-height:inherit}.elementor-widget-heading .elementor-heading-title.elementor-size-small{font-size:15px}.elementor-widget-heading .elementor-heading-title.elementor-size-medium{font-size:19px}.elementor-widget-heading .elementor-heading-title.elementor-size-large{font-size:29px}.elementor-widget-heading .elementor-heading-title.elementor-size-xl{font-size:39px}.elementor-widget-heading .elementor-heading-title.elementor-size-xxl{font-size:59px}<\/style><h3 class=\"elementor-heading-title elementor-size-default\">Formulario de contacto\n\n\n<\/h3>\t\t<\/div>\n\t\t\t\t<\/div>\n\t\t\t\t<div class=\"elementor-element elementor-element-c679504 elementor-widget elementor-widget-text-editor\" data-id=\"c679504\" data-element_type=\"widget\" data-widget_type=\"text-editor.default\">\n\t\t\t\t<div class=\"elementor-widget-container\">\n\t\t\t<style>\/*! elementor - v3.14.0 - 26-06-2023 *\/\n.elementor-widget-text-editor.elementor-drop-cap-view-stacked .elementor-drop-cap{background-color:#69727d;color:#fff}.elementor-widget-text-editor.elementor-drop-cap-view-framed .elementor-drop-cap{color:#69727d;border:3px solid;background-color:transparent}.elementor-widget-text-editor:not(.elementor-drop-cap-view-default) .elementor-drop-cap{margin-top:8px}.elementor-widget-text-editor:not(.elementor-drop-cap-view-default) .elementor-drop-cap-letter{width:1em;height:1em}.elementor-widget-text-editor .elementor-drop-cap{float:left;text-align:center;line-height:1;font-size:50px}.elementor-widget-text-editor .elementor-drop-cap-letter{display:inline-block}<\/style>\t\t\t\t<p style=\"margin-bottom: 6px;\">Campos marcados con * son requeridos.<\/p>\t\t\t\t\t\t<\/div>\n\t\t\t\t<\/div>\n\t\t\t\t<div class=\"elementor-element elementor-element-d36b095 elementor-widget elementor-widget-shortcode\" data-id=\"d36b095\" data-element_type=\"widget\" data-widget_type=\"shortcode.default\">\n\t\t\t\t<div class=\"elementor-widget-container\">\n\t\t\t\t\t<div class=\"elementor-shortcode\">\n<div class=\"wpcf7 no-js\" id=\"wpcf7-f796-o1\" lang=\"en-US\" dir=\"ltr\" data-wpcf7-id=\"796\">\n<div class=\"screen-reader-response\"><p role=\"status\" aria-live=\"polite\" aria-atomic=\"true\"><\/p> <ul><\/ul><\/div>\n<form action=\"\/web\/en\/wp-json\/wp\/v2\/pages\/767#wpcf7-f796-o1\" method=\"post\" class=\"wpcf7-form init\" aria-label=\"Contact form\" novalidate=\"novalidate\" data-status=\"init\">\n<fieldset class=\"hidden-fields-container\"><input type=\"hidden\" name=\"_wpcf7\" value=\"796\" \/><input type=\"hidden\" name=\"_wpcf7_version\" value=\"6.1.5\" \/><input type=\"hidden\" name=\"_wpcf7_locale\" value=\"en_US\" \/><input type=\"hidden\" name=\"_wpcf7_unit_tag\" value=\"wpcf7-f796-o1\" \/><input type=\"hidden\" name=\"_wpcf7_container_post\" value=\"0\" \/><input type=\"hidden\" name=\"_wpcf7_posted_data_hash\" value=\"\" \/>\n<\/fieldset>\n<div class=\"row\">\n\t<div class=\"grid-1-3\">\n\t\t<p><span class=\"wpcf7-form-control-wrap\" data-name=\"Name\"><input size=\"40\" maxlength=\"400\" class=\"wpcf7-form-control wpcf7-text wpcf7-validates-as-required\" aria-required=\"true\" aria-invalid=\"false\" placeholder=\"Nombres y Apellidos\" value=\"\" type=\"text\" name=\"Name\" \/><\/span>\n\t\t<\/p>\n\t<\/div>\n\t<div class=\"grid-1-3\">\n\t\t<p><span class=\"wpcf7-form-control-wrap\" data-name=\"E-mail\"><input size=\"40\" maxlength=\"400\" class=\"wpcf7-form-control wpcf7-text wpcf7-validates-as-required\" aria-required=\"true\" aria-invalid=\"false\" placeholder=\"E-mail\" value=\"\" type=\"text\" name=\"E-mail\" \/><\/span>\n\t\t<\/p>\n\t<\/div>\n\t<div class=\"grid-1-3\">\n\t\t<p><span class=\"wpcf7-form-control-wrap\" data-name=\"Phone\"><input size=\"40\" maxlength=\"400\" class=\"wpcf7-form-control wpcf7-text\" aria-invalid=\"false\" placeholder=\"Tel\u00e9fono\" value=\"\" type=\"text\" name=\"Phone\" \/><\/span>\n\t\t<\/p>\n\t<\/div>\n\t<div class=\"grid-1-1\">\n\t\t<p><span class=\"wpcf7-form-control-wrap\" data-name=\"Subject\"><input size=\"40\" maxlength=\"400\" class=\"wpcf7-form-control wpcf7-text wpcf7-validates-as-required\" aria-required=\"true\" aria-invalid=\"false\" placeholder=\"Asunto\" value=\"\" type=\"text\" name=\"Subject\" \/><\/span>\n\t\t<\/p>\n\t<\/div>\n\t<div class=\"grid-1-1\">\n\t\t<p><span class=\"wpcf7-form-control-wrap\" data-name=\"Message\"><textarea cols=\"40\" rows=\"6\" maxlength=\"2000\" class=\"wpcf7-form-control wpcf7-textarea wpcf7-validates-as-required\" aria-required=\"true\" aria-invalid=\"false\" placeholder=\"Su mensaje...\" name=\"Message\"><\/textarea><\/span>\n\t\t<\/p>\n\t<\/div>\n\t<div style= \"text-align: center;\">\n\t\t<p><input class=\"wpcf7-form-control wpcf7-submit has-spinner\" type=\"submit\" value=\"ENVIAR MENSAJE \u2192\" \/>\n\t\t<\/p>\n\t<\/div>\n<\/div><div class=\"wpcf7-response-output\" aria-hidden=\"true\"><\/div>\n<\/form>\n<\/div>\n<\/div>\n\t\t\t\t<\/div>\n\t\t\t\t<\/div>\n\t\t\t\t\t<\/div>\n\t\t<\/div>\n\t\t\t\t\t\t\t<\/div>\n\t\t<\/section>\n\t\t\t\t<section class=\"elementor-section elementor-top-section elementor-element elementor-element-3819862 elementor-section-full_width elementor-section-height-default elementor-section-height-default\" data-id=\"3819862\" data-element_type=\"section\">\n\t\t\t\t\t\t<div class=\"elementor-container elementor-column-gap-no\">\n\t\t\t\t\t<div class=\"elementor-column elementor-col-100 elementor-top-column elementor-element elementor-element-7aa6212\" data-id=\"7aa6212\" data-element_type=\"column\">\n\t\t\t<div class=\"elementor-widget-wrap elementor-element-populated\">\n\t\t\t\t\t\t\t\t<div class=\"elementor-element elementor-element-eba8887 elementor-widget elementor-widget-text-editor\" data-id=\"eba8887\" data-element_type=\"widget\" data-widget_type=\"text-editor.default\">\n\t\t\t\t<div class=\"elementor-widget-container\">\n\t\t\t\t\t\t\t<iframe loading=\"lazy\" style=\"border: 0px solid black;\" src=\"https:\/\/www.openstreetmap.org\/export\/embed.html?bbox=-78.52100372314455%2C-0.2520624613094911%2C-78.51096153259279%2C-0.2448098363174192&amp;layer=mapnik&amp;marker=-0.24843617469853937%2C-78.51598691901017\" width=\"100%\" height=\"500\" frameborder=\"0\" marginwidth=\"0\" marginheight=\"0\" scrolling=\"no\"><\/iframe>\n<small><a href=\"https:\/\/www.openstreetmap.org\/?mlat=-0.24844&amp;mlon=-78.51599#map=17\/-0.24844\/-78.51598\">Ver mapa m\u00e1s grande<\/a><\/small>\t\t\t\t\t\t<\/div>\n\t\t\t\t<\/div>\n\t\t\t\t\t<\/div>\n\t\t<\/div>\n\t\t\t\t\t\t\t<\/div>\n\t\t<\/section>\n\t\t\t\t\t\t\t<\/div>\n\t\t","protected":false},"excerpt":{"rendered":"<p>Direcci\u00f3n Av. Andr\u00e9s P\u00e9rez y Gabriel de la Huerta. Sector Chiriyacu. Email info@fudstae.org Tel\u00e9fono de contacto 099 977 4891 Formulario de contacto Campos marcados con * son requeridos. Ver mapa m\u00e1s grande<\/p>","protected":false},"author":1,"featured_media":0,"parent":0,"menu_order":0,"comment_status":"closed","ping_status":"closed","template":"","meta":{"footnotes":""},"class_list":["post-767","page","type-page","status-publish","hentry"],"_links":{"self":[{"href":"https:\/\/fudstae.org\/web\/en\/wp-json\/wp\/v2\/pages\/767","targetHints":{"allow":["GET"]}}],"collection":[{"href":"https:\/\/fudstae.org\/web\/en\/wp-json\/wp\/v2\/pages"}],"about":[{"href":"https:\/\/fudstae.org\/web\/en\/wp-json\/wp\/v2\/types\/page"}],"author":[{"embeddable":true,"href":"https:\/\/fudstae.org\/web\/en\/wp-json\/wp\/v2\/users\/1"}],"replies":[{"embeddable":true,"href":"https:\/\/fudstae.org\/web\/en\/wp-json\/wp\/v2\/comments?post=767"}],"version-history":[{"count":58,"href":"https:\/\/fudstae.org\/web\/en\/wp-json\/wp\/v2\/pages\/767\/revisions"}],"predecessor-version":[{"id":7467,"href":"https:\/\/fudstae.org\/web\/en\/wp-json\/wp\/v2\/pages\/767\/revisions\/7467"}],"wp:attachment":[{"href":"https:\/\/fudstae.org\/web\/en\/wp-json\/wp\/v2\/media?parent=767"}],"curies":[{"name":"wp","href":"https:\/\/api.w.org\/{rel}","templated":true}]}}