{"id":231,"date":"2020-08-22T00:38:08","date_gmt":"2020-08-22T05:38:08","guid":{"rendered":"http:\/\/bighearts.wgl-demo.net\/?page_id=231"},"modified":"2022-02-09T20:56:55","modified_gmt":"2022-02-10T01:56:55","slug":"nosotros","status":"publish","type":"page","link":"https:\/\/fudstae.org\/web\/en\/nosotros\/","title":{"rendered":"Nosotros"},"content":{"rendered":"\t\t<div data-elementor-type=\"wp-page\" data-elementor-id=\"231\" class=\"elementor elementor-231\">\n\t\t\t\t\t\t\t\t\t<section class=\"elementor-section elementor-top-section elementor-element elementor-element-04f3b73 elementor-section-boxed elementor-section-height-default elementor-section-height-default\" data-id=\"04f3b73\" data-element_type=\"section\">\n\t\t\t\t\t\t<div class=\"elementor-container elementor-column-gap-default\">\n\t\t\t\t\t<div class=\"elementor-column elementor-col-100 elementor-top-column elementor-element elementor-element-f6ced66\" data-id=\"f6ced66\" data-element_type=\"column\">\n\t\t\t<div class=\"elementor-widget-wrap elementor-element-populated\">\n\t\t\t\t\t\t\t\t<div class=\"elementor-element elementor-element-39405d9 elementor-widget elementor-widget-spacer\" data-id=\"39405d9\" data-element_type=\"widget\" data-widget_type=\"spacer.default\">\n\t\t\t\t<div class=\"elementor-widget-container\">\n\t\t\t<style>\/*! elementor - v3.14.0 - 26-06-2023 *\/\n.elementor-column .elementor-spacer-inner{height:var(--spacer-size)}.e-con{--container-widget-width:100%}.e-con-inner>.elementor-widget-spacer,.e-con>.elementor-widget-spacer{width:var(--container-widget-width,var(--spacer-size));--align-self:var(--container-widget-align-self,initial);--flex-shrink:0}.e-con-inner>.elementor-widget-spacer>.elementor-widget-container,.e-con-inner>.elementor-widget-spacer>.elementor-widget-container>.elementor-spacer,.e-con>.elementor-widget-spacer>.elementor-widget-container,.e-con>.elementor-widget-spacer>.elementor-widget-container>.elementor-spacer{height:100%}.e-con-inner>.elementor-widget-spacer>.elementor-widget-container>.elementor-spacer>.elementor-spacer-inner,.e-con>.elementor-widget-spacer>.elementor-widget-container>.elementor-spacer>.elementor-spacer-inner{height:var(--container-widget-height,var(--spacer-size))}<\/style>\t\t<div class=\"elementor-spacer\">\n\t\t\t<div class=\"elementor-spacer-inner\"><\/div>\n\t\t<\/div>\n\t\t\t\t<\/div>\n\t\t\t\t<\/div>\n\t\t\t\t\t<\/div>\n\t\t<\/div>\n\t\t\t\t\t\t\t<\/div>\n\t\t<\/section>\n\t\t\t\t<section class=\"elementor-section elementor-top-section elementor-element elementor-element-32ba15f elementor-section-boxed elementor-section-height-default elementor-section-height-default\" data-id=\"32ba15f\" data-element_type=\"section\">\n\t\t\t\t\t\t<div class=\"elementor-container elementor-column-gap-default\">\n\t\t\t\t\t<div class=\"elementor-column elementor-col-50 elementor-top-column elementor-element elementor-element-2b3c144\" data-id=\"2b3c144\" data-element_type=\"column\">\n\t\t\t<div class=\"elementor-widget-wrap elementor-element-populated\">\n\t\t\t\t\t\t\t\t<div class=\"elementor-element elementor-element-9cadb91 aleft elementor-widget elementor-widget-wgl-double-headings\" data-id=\"9cadb91\" data-element_type=\"widget\" data-widget_type=\"wgl-double-headings.default\">\n\t\t\t\t<div class=\"elementor-widget-container\">\n\t\t\t        <div class=\"wgl-double_heading\"><h3 class=\"dbl__title-wrapper\"><span class=\"dbl__title dbl-title_1\">MISI\u00d3N <\/span><\/h3>        <\/div>\t\t<\/div>\n\t\t\t\t<\/div>\n\t\t\t\t<div class=\"elementor-element elementor-element-3fbd443 elementor-widget elementor-widget-text-editor\" data-id=\"3fbd443\" data-element_type=\"widget\" data-widget_type=\"text-editor.default\">\n\t\t\t\t<div class=\"elementor-widget-container\">\n\t\t\t<style>\/*! elementor - v3.14.0 - 26-06-2023 *\/\n.elementor-widget-text-editor.elementor-drop-cap-view-stacked .elementor-drop-cap{background-color:#69727d;color:#fff}.elementor-widget-text-editor.elementor-drop-cap-view-framed .elementor-drop-cap{color:#69727d;border:3px solid;background-color:transparent}.elementor-widget-text-editor:not(.elementor-drop-cap-view-default) .elementor-drop-cap{margin-top:8px}.elementor-widget-text-editor:not(.elementor-drop-cap-view-default) .elementor-drop-cap-letter{width:1em;height:1em}.elementor-widget-text-editor .elementor-drop-cap{float:left;text-align:center;line-height:1;font-size:50px}.elementor-widget-text-editor .elementor-drop-cap-letter{display:inline-block}<\/style>\t\t\t\t<p style=\"text-align: JUSTIFY;\"><strong>FUDSTAE<\/strong> tiene como misi\u00f3n impulsar, promover los derechos de las Trabajadoras y Trabajadores Aut\u00f3nomos de nuestro pa\u00eds lo cual les permite alcanzar una vida digna, a trav\u00e9s del desarrollo social, econ\u00f3mico, intelectual y espiritual, dotando de proyectos modernos que son implementados y desarrollados para la igualdad y equidad de oportunidades dignificando el trabajo aut\u00f3nomo.<\/p>\t\t\t\t\t\t<\/div>\n\t\t\t\t<\/div>\n\t\t\t\t<div class=\"elementor-element elementor-element-0daef37 elementor-widget elementor-widget-spacer\" data-id=\"0daef37\" data-element_type=\"widget\" data-widget_type=\"spacer.default\">\n\t\t\t\t<div class=\"elementor-widget-container\">\n\t\t\t\t\t<div class=\"elementor-spacer\">\n\t\t\t<div class=\"elementor-spacer-inner\"><\/div>\n\t\t<\/div>\n\t\t\t\t<\/div>\n\t\t\t\t<\/div>\n\t\t\t\t<div class=\"elementor-element elementor-element-88beca6 aleft elementor-widget elementor-widget-wgl-double-headings\" data-id=\"88beca6\" data-element_type=\"widget\" data-widget_type=\"wgl-double-headings.default\">\n\t\t\t\t<div class=\"elementor-widget-container\">\n\t\t\t        <div class=\"wgl-double_heading\"><h3 class=\"dbl__title-wrapper\"><span class=\"dbl__title dbl-title_1\">VISI\u00d3N<\/span><\/h3>        <\/div>\t\t<\/div>\n\t\t\t\t<\/div>\n\t\t\t\t<div class=\"elementor-element elementor-element-4d07e06 elementor-widget elementor-widget-text-editor\" data-id=\"4d07e06\" data-element_type=\"widget\" data-widget_type=\"text-editor.default\">\n\t\t\t\t<div class=\"elementor-widget-container\">\n\t\t\t\t\t\t\t<p style=\"text-align: JUSTIFY;\"><strong>FUDSTAE<\/strong> tiene como visi\u00f3n ser una Fundaci\u00f3n reconocida por; coadyuvar al respeto de derechos de las Trabajadoras y Trabajadores Aut\u00f3nomos, crear una ley de defensa de los derechos, representatividad de instituciones propias de este gran sector, logrando as\u00ed un impacto positivo para mejorar la calidad de vida de las trabajadoras y trabajadores aut\u00f3nomos del Ecuador.<\/p>\t\t\t\t\t\t<\/div>\n\t\t\t\t<\/div>\n\t\t\t\t\t<\/div>\n\t\t<\/div>\n\t\t\t\t<div class=\"elementor-column elementor-col-50 elementor-top-column elementor-element elementor-element-a9f7b36\" data-id=\"a9f7b36\" data-element_type=\"column\">\n\t\t\t<div class=\"elementor-widget-wrap elementor-element-populated\">\n\t\t\t\t\t\t\t\t<div class=\"elementor-element elementor-element-272b6e7 elementor-widget elementor-widget-image\" data-id=\"272b6e7\" data-element_type=\"widget\" data-widget_type=\"image.default\">\n\t\t\t\t<div class=\"elementor-widget-container\">\n\t\t\t<style>\/*! elementor - v3.14.0 - 26-06-2023 *\/\n.elementor-widget-image{text-align:center}.elementor-widget-image a{display:inline-block}.elementor-widget-image a img[src$=\".svg\"]{width:48px}.elementor-widget-image img{vertical-align:middle;display:inline-block}<\/style>\t\t\t\t\t\t\t\t\t\t\t\t<img loading=\"lazy\" decoding=\"async\" width=\"1000\" height=\"698\" src=\"https:\/\/fudstae.org\/web\/wp-content\/uploads\/2021\/09\/shutterstock_413744263.jpg\" class=\"attachment-full size-full wp-image-6765\" alt=\"\" srcset=\"https:\/\/fudstae.org\/web\/wp-content\/uploads\/2021\/09\/shutterstock_413744263.jpg 1000w, https:\/\/fudstae.org\/web\/wp-content\/uploads\/2021\/09\/shutterstock_413744263-300x209.jpg 300w, https:\/\/fudstae.org\/web\/wp-content\/uploads\/2021\/09\/shutterstock_413744263-768x536.jpg 768w\" sizes=\"auto, (max-width: 1000px) 100vw, 1000px\" \/>\t\t\t\t\t\t\t\t\t\t\t\t\t\t\t<\/div>\n\t\t\t\t<\/div>\n\t\t\t\t\t<\/div>\n\t\t<\/div>\n\t\t\t\t\t\t\t<\/div>\n\t\t<\/section>\n\t\t\t\t<section class=\"elementor-section elementor-top-section elementor-element elementor-element-1914e0a elementor-section-boxed elementor-section-height-default elementor-section-height-default\" data-id=\"1914e0a\" data-element_type=\"section\">\n\t\t\t\t\t\t<div class=\"elementor-container elementor-column-gap-default\">\n\t\t\t\t\t<div class=\"elementor-column elementor-col-100 elementor-top-column elementor-element elementor-element-331c2e1\" data-id=\"331c2e1\" data-element_type=\"column\">\n\t\t\t<div class=\"elementor-widget-wrap elementor-element-populated\">\n\t\t\t\t\t\t\t\t<div class=\"elementor-element elementor-element-9970916 elementor-widget elementor-widget-spacer\" data-id=\"9970916\" data-element_type=\"widget\" data-widget_type=\"spacer.default\">\n\t\t\t\t<div class=\"elementor-widget-container\">\n\t\t\t\t\t<div class=\"elementor-spacer\">\n\t\t\t<div class=\"elementor-spacer-inner\"><\/div>\n\t\t<\/div>\n\t\t\t\t<\/div>\n\t\t\t\t<\/div>\n\t\t\t\t\t<\/div>\n\t\t<\/div>\n\t\t\t\t\t\t\t<\/div>\n\t\t<\/section>\n\t\t\t\t<section class=\"elementor-section elementor-top-section elementor-element elementor-element-1368f97 elementor-section-boxed elementor-section-height-default elementor-section-height-default\" data-id=\"1368f97\" data-element_type=\"section\" data-settings=\"{&quot;background_background&quot;:&quot;classic&quot;}\">\n\t\t\t\t\t\t<div class=\"elementor-container elementor-column-gap-default\">\n\t\t\t\t\t<div class=\"elementor-column elementor-col-100 elementor-top-column elementor-element elementor-element-f2d4acf\" data-id=\"f2d4acf\" data-element_type=\"column\">\n\t\t\t<div class=\"elementor-widget-wrap elementor-element-populated\">\n\t\t\t\t\t\t\t\t<div class=\"elementor-element elementor-element-56a7388 acenter elementor-widget elementor-widget-wgl-double-headings\" data-id=\"56a7388\" data-element_type=\"widget\" data-widget_type=\"wgl-double-headings.default\">\n\t\t\t\t<div class=\"elementor-widget-container\">\n\t\t\t        <div class=\"wgl-double_heading\"><h3 class=\"dbl__title-wrapper\"><span class=\"dbl__title dbl-title_1\">VALORES<\/span><\/h3>        <\/div>\t\t<\/div>\n\t\t\t\t<\/div>\n\t\t\t\t<div class=\"elementor-element elementor-element-3d4a7d8 acenter elementor-widget elementor-widget-wgl-double-headings\" data-id=\"3d4a7d8\" data-element_type=\"widget\" data-widget_type=\"wgl-double-headings.default\">\n\t\t\t\t<div class=\"elementor-widget-container\">\n\t\t\t        <div class=\"wgl-double_heading\">                <div class=\"dbl__subtitle\"><span>Nuestros Valores funcionan como gu\u00edas que inspiran la vida de la Fundaci\u00f3n y norman el funcionamiento de la misma<\/span>                <\/div>        <\/div>\t\t<\/div>\n\t\t\t\t<\/div>\n\t\t\t\t<div class=\"elementor-element elementor-element-2410bbc elementor-widget elementor-widget-spacer\" data-id=\"2410bbc\" data-element_type=\"widget\" data-widget_type=\"spacer.default\">\n\t\t\t\t<div class=\"elementor-widget-container\">\n\t\t\t\t\t<div class=\"elementor-spacer\">\n\t\t\t<div class=\"elementor-spacer-inner\"><\/div>\n\t\t<\/div>\n\t\t\t\t<\/div>\n\t\t\t\t<\/div>\n\t\t\t\t<section class=\"elementor-section elementor-inner-section elementor-element elementor-element-4ccb0fd elementor-section-full_width elementor-section-height-default elementor-section-height-default\" data-id=\"4ccb0fd\" data-element_type=\"section\">\n\t\t\t\t\t\t<div class=\"elementor-container elementor-column-gap-default\">\n\t\t\t\t\t<div class=\"elementor-column elementor-col-33 elementor-inner-column elementor-element elementor-element-3540998\" data-id=\"3540998\" data-element_type=\"column\">\n\t\t\t<div class=\"elementor-widget-wrap elementor-element-populated\">\n\t\t\t\t\t\t\t\t<div class=\"elementor-element elementor-element-4095bf8 acenter elementor-widget-image-box wgl-image-box elementor-widget elementor-widget-wgl-info-box\" data-id=\"4095bf8\" data-element_type=\"widget\" data-widget_type=\"wgl-info-box.default\">\n\t\t\t\t<div class=\"elementor-widget-container\">\n\t\t\t<div class=\"wgl-infobox\"><div class=\"wgl-infobox_wrapper wgl-layout-top\"><div class=\"media-wrapper img-wrapper\"><figure class=\"wgl-image-box_img\"><span ><img loading=\"lazy\" decoding=\"async\" width=\"512\" height=\"512\" src=\"https:\/\/fudstae.org\/web\/wp-content\/uploads\/2021\/09\/de-confianza.png\" class=\"attachment-full size-full wp-image-6778\" alt=\"\" srcset=\"https:\/\/fudstae.org\/web\/wp-content\/uploads\/2021\/09\/de-confianza.png 512w, https:\/\/fudstae.org\/web\/wp-content\/uploads\/2021\/09\/de-confianza-240x240.png 240w, https:\/\/fudstae.org\/web\/wp-content\/uploads\/2021\/09\/de-confianza-300x300.png 300w, https:\/\/fudstae.org\/web\/wp-content\/uploads\/2021\/09\/de-confianza-150x150.png 150w\" sizes=\"auto, (max-width: 512px) 100vw, 512px\" \/><\/span><\/figure><\/div><div class=\"content_wrapper\"><div class=\"wgl-infobox-title_wrapper\"><h3 class=\"wgl-infobox_title\"><span class=\"wgl-infobox_title-idle\">Transparencia<\/span><\/h3><\/div><\/div><\/div><\/div>\t\t<\/div>\n\t\t\t\t<\/div>\n\t\t\t\t<div class=\"elementor-element elementor-element-4f9be85 acenter elementor-widget-image-box wgl-image-box elementor-widget elementor-widget-wgl-info-box\" data-id=\"4f9be85\" data-element_type=\"widget\" data-widget_type=\"wgl-info-box.default\">\n\t\t\t\t<div class=\"elementor-widget-container\">\n\t\t\t<div class=\"wgl-infobox\"><div class=\"wgl-infobox_wrapper wgl-layout-top\"><div class=\"media-wrapper img-wrapper\"><figure class=\"wgl-image-box_img\"><span ><img loading=\"lazy\" decoding=\"async\" width=\"512\" height=\"512\" src=\"https:\/\/fudstae.org\/web\/wp-content\/uploads\/2021\/09\/unido.png\" class=\"attachment-full size-full wp-image-6789\" alt=\"\" srcset=\"https:\/\/fudstae.org\/web\/wp-content\/uploads\/2021\/09\/unido.png 512w, https:\/\/fudstae.org\/web\/wp-content\/uploads\/2021\/09\/unido-240x240.png 240w, https:\/\/fudstae.org\/web\/wp-content\/uploads\/2021\/09\/unido-300x300.png 300w, https:\/\/fudstae.org\/web\/wp-content\/uploads\/2021\/09\/unido-150x150.png 150w\" sizes=\"auto, (max-width: 512px) 100vw, 512px\" \/><\/span><\/figure><\/div><div class=\"content_wrapper\"><div class=\"wgl-infobox-title_wrapper\"><h3 class=\"wgl-infobox_title\"><span class=\"wgl-infobox_title-idle\">Camarader\u00eda<\/span><\/h3><\/div><\/div><\/div><\/div>\t\t<\/div>\n\t\t\t\t<\/div>\n\t\t\t\t\t<\/div>\n\t\t<\/div>\n\t\t\t\t<div class=\"elementor-column elementor-col-33 elementor-inner-column elementor-element elementor-element-da7933e\" data-id=\"da7933e\" data-element_type=\"column\">\n\t\t\t<div class=\"elementor-widget-wrap elementor-element-populated\">\n\t\t\t\t\t\t\t\t<div class=\"elementor-element elementor-element-400598a acenter elementor-widget-image-box wgl-image-box elementor-widget elementor-widget-wgl-info-box\" data-id=\"400598a\" data-element_type=\"widget\" data-widget_type=\"wgl-info-box.default\">\n\t\t\t\t<div class=\"elementor-widget-container\">\n\t\t\t<div class=\"wgl-infobox\"><div class=\"wgl-infobox_wrapper wgl-layout-top\"><div class=\"media-wrapper img-wrapper\"><figure class=\"wgl-image-box_img\"><span ><img loading=\"lazy\" decoding=\"async\" width=\"512\" height=\"512\" src=\"https:\/\/fudstae.org\/web\/wp-content\/uploads\/2021\/09\/responsabilidad.png\" class=\"attachment-full size-full wp-image-6788\" alt=\"\" srcset=\"https:\/\/fudstae.org\/web\/wp-content\/uploads\/2021\/09\/responsabilidad.png 512w, https:\/\/fudstae.org\/web\/wp-content\/uploads\/2021\/09\/responsabilidad-240x240.png 240w, https:\/\/fudstae.org\/web\/wp-content\/uploads\/2021\/09\/responsabilidad-300x300.png 300w, https:\/\/fudstae.org\/web\/wp-content\/uploads\/2021\/09\/responsabilidad-150x150.png 150w\" sizes=\"auto, (max-width: 512px) 100vw, 512px\" \/><\/span><\/figure><\/div><div class=\"content_wrapper\"><div class=\"wgl-infobox-title_wrapper\"><h3 class=\"wgl-infobox_title\"><span class=\"wgl-infobox_title-idle\">Sentido de pertenencia<\/span><\/h3><\/div><\/div><\/div><\/div>\t\t<\/div>\n\t\t\t\t<\/div>\n\t\t\t\t<div class=\"elementor-element elementor-element-ad7df79 acenter elementor-widget-image-box wgl-image-box elementor-widget elementor-widget-wgl-info-box\" data-id=\"ad7df79\" data-element_type=\"widget\" data-widget_type=\"wgl-info-box.default\">\n\t\t\t\t<div class=\"elementor-widget-container\">\n\t\t\t<div class=\"wgl-infobox\"><div class=\"wgl-infobox_wrapper wgl-layout-top\"><div class=\"media-wrapper img-wrapper\"><figure class=\"wgl-image-box_img\"><span ><img loading=\"lazy\" decoding=\"async\" width=\"512\" height=\"512\" src=\"https:\/\/fudstae.org\/web\/wp-content\/uploads\/2021\/09\/lista.png\" class=\"attachment-full size-full wp-image-6786\" alt=\"\" srcset=\"https:\/\/fudstae.org\/web\/wp-content\/uploads\/2021\/09\/lista.png 512w, https:\/\/fudstae.org\/web\/wp-content\/uploads\/2021\/09\/lista-240x240.png 240w, https:\/\/fudstae.org\/web\/wp-content\/uploads\/2021\/09\/lista-300x300.png 300w, https:\/\/fudstae.org\/web\/wp-content\/uploads\/2021\/09\/lista-150x150.png 150w\" sizes=\"auto, (max-width: 512px) 100vw, 512px\" \/><\/span><\/figure><\/div><div class=\"content_wrapper\"><div class=\"wgl-infobox-title_wrapper\"><h3 class=\"wgl-infobox_title\"><span class=\"wgl-infobox_title-idle\">Responsabilidad<\/span><\/h3><\/div><\/div><\/div><\/div>\t\t<\/div>\n\t\t\t\t<\/div>\n\t\t\t\t\t<\/div>\n\t\t<\/div>\n\t\t\t\t<div class=\"elementor-column elementor-col-33 elementor-inner-column elementor-element elementor-element-4842ca0\" data-id=\"4842ca0\" data-element_type=\"column\">\n\t\t\t<div class=\"elementor-widget-wrap elementor-element-populated\">\n\t\t\t\t\t\t\t\t<div class=\"elementor-element elementor-element-6525c5a acenter elementor-widget-image-box wgl-image-box elementor-widget elementor-widget-wgl-info-box\" data-id=\"6525c5a\" data-element_type=\"widget\" data-widget_type=\"wgl-info-box.default\">\n\t\t\t\t<div class=\"elementor-widget-container\">\n\t\t\t<div class=\"wgl-infobox\"><div class=\"wgl-infobox_wrapper wgl-layout-top\"><div class=\"media-wrapper img-wrapper\"><figure class=\"wgl-image-box_img\"><span ><img loading=\"lazy\" decoding=\"async\" width=\"512\" height=\"512\" src=\"https:\/\/fudstae.org\/web\/wp-content\/uploads\/2021\/09\/etica.png\" class=\"attachment-full size-full wp-image-6780\" alt=\"\" srcset=\"https:\/\/fudstae.org\/web\/wp-content\/uploads\/2021\/09\/etica.png 512w, https:\/\/fudstae.org\/web\/wp-content\/uploads\/2021\/09\/etica-240x240.png 240w, https:\/\/fudstae.org\/web\/wp-content\/uploads\/2021\/09\/etica-300x300.png 300w, https:\/\/fudstae.org\/web\/wp-content\/uploads\/2021\/09\/etica-150x150.png 150w\" sizes=\"auto, (max-width: 512px) 100vw, 512px\" \/><\/span><\/figure><\/div><div class=\"content_wrapper\"><div class=\"wgl-infobox-title_wrapper\"><h3 class=\"wgl-infobox_title\"><span class=\"wgl-infobox_title-idle\">\u00c9tica<\/span><\/h3><\/div><\/div><\/div><\/div>\t\t<\/div>\n\t\t\t\t<\/div>\n\t\t\t\t<div class=\"elementor-element elementor-element-78b63b9 acenter elementor-widget-image-box wgl-image-box elementor-widget elementor-widget-wgl-info-box\" data-id=\"78b63b9\" data-element_type=\"widget\" data-widget_type=\"wgl-info-box.default\">\n\t\t\t\t<div class=\"elementor-widget-container\">\n\t\t\t<div class=\"wgl-infobox\"><div class=\"wgl-infobox_wrapper wgl-layout-top\"><div class=\"media-wrapper img-wrapper\"><figure class=\"wgl-image-box_img\"><span ><img loading=\"lazy\" decoding=\"async\" width=\"512\" height=\"512\" src=\"https:\/\/fudstae.org\/web\/wp-content\/uploads\/2021\/09\/cambio.png\" class=\"attachment-full size-full wp-image-6782\" alt=\"\" srcset=\"https:\/\/fudstae.org\/web\/wp-content\/uploads\/2021\/09\/cambio.png 512w, https:\/\/fudstae.org\/web\/wp-content\/uploads\/2021\/09\/cambio-240x240.png 240w, https:\/\/fudstae.org\/web\/wp-content\/uploads\/2021\/09\/cambio-300x300.png 300w, https:\/\/fudstae.org\/web\/wp-content\/uploads\/2021\/09\/cambio-150x150.png 150w\" sizes=\"auto, (max-width: 512px) 100vw, 512px\" \/><\/span><\/figure><\/div><div class=\"content_wrapper\"><div class=\"wgl-infobox-title_wrapper\"><h3 class=\"wgl-infobox_title\"><span class=\"wgl-infobox_title-idle\">Disponibilidad de cambio<\/span><\/h3><\/div><\/div><\/div><\/div>\t\t<\/div>\n\t\t\t\t<\/div>\n\t\t\t\t\t<\/div>\n\t\t<\/div>\n\t\t\t\t\t\t\t<\/div>\n\t\t<\/section>\n\t\t\t\t\t<\/div>\n\t\t<\/div>\n\t\t\t\t\t\t\t<\/div>\n\t\t<\/section>\n\t\t\t\t<section class=\"elementor-section elementor-top-section elementor-element elementor-element-931a01f elementor-section-boxed elementor-section-height-default elementor-section-height-default\" data-id=\"931a01f\" data-element_type=\"section\">\n\t\t\t\t\t\t<div class=\"elementor-container elementor-column-gap-default\">\n\t\t\t\t\t<div class=\"elementor-column elementor-col-100 elementor-top-column elementor-element elementor-element-77d5210\" data-id=\"77d5210\" data-element_type=\"column\">\n\t\t\t<div class=\"elementor-widget-wrap elementor-element-populated\">\n\t\t\t\t\t\t\t\t<div class=\"elementor-element elementor-element-38305bb elementor-widget elementor-widget-spacer\" data-id=\"38305bb\" data-element_type=\"widget\" data-widget_type=\"spacer.default\">\n\t\t\t\t<div class=\"elementor-widget-container\">\n\t\t\t\t\t<div class=\"elementor-spacer\">\n\t\t\t<div class=\"elementor-spacer-inner\"><\/div>\n\t\t<\/div>\n\t\t\t\t<\/div>\n\t\t\t\t<\/div>\n\t\t\t\t\t<\/div>\n\t\t<\/div>\n\t\t\t\t\t\t\t<\/div>\n\t\t<\/section>\n\t\t\t\t\t\t\t<\/div>\n\t\t","protected":false},"excerpt":{"rendered":"<p>MISI\u00d3N FUDSTAE tiene como misi\u00f3n impulsar, promover los derechos de las Trabajadoras y Trabajadores Aut\u00f3nomos de nuestro pa\u00eds lo cual les permite alcanzar una vida digna, a trav\u00e9s del desarrollo social, econ\u00f3mico, intelectual y espiritual, dotando de proyectos modernos que son implementados y desarrollados para la igualdad y equidad de oportunidades dignificando el trabajo aut\u00f3nomo. [&hellip;]<\/p>\n","protected":false},"author":1,"featured_media":0,"parent":0,"menu_order":0,"comment_status":"closed","ping_status":"closed","template":"","meta":{"footnotes":""},"class_list":["post-231","page","type-page","status-publish","hentry"],"_links":{"self":[{"href":"https:\/\/fudstae.org\/web\/en\/wp-json\/wp\/v2\/pages\/231","targetHints":{"allow":["GET"]}}],"collection":[{"href":"https:\/\/fudstae.org\/web\/en\/wp-json\/wp\/v2\/pages"}],"about":[{"href":"https:\/\/fudstae.org\/web\/en\/wp-json\/wp\/v2\/types\/page"}],"author":[{"embeddable":true,"href":"https:\/\/fudstae.org\/web\/en\/wp-json\/wp\/v2\/users\/1"}],"replies":[{"embeddable":true,"href":"https:\/\/fudstae.org\/web\/en\/wp-json\/wp\/v2\/comments?post=231"}],"version-history":[{"count":54,"href":"https:\/\/fudstae.org\/web\/en\/wp-json\/wp\/v2\/pages\/231\/revisions"}],"predecessor-version":[{"id":7386,"href":"https:\/\/fudstae.org\/web\/en\/wp-json\/wp\/v2\/pages\/231\/revisions\/7386"}],"wp:attachment":[{"href":"https:\/\/fudstae.org\/web\/en\/wp-json\/wp\/v2\/media?parent=231"}],"curies":[{"name":"wp","href":"https:\/\/api.w.org\/{rel}","templated":true}]}}